{"id":242,"date":"2023-03-02T17:00:45","date_gmt":"2023-03-02T17:00:45","guid":{"rendered":"https:\/\/alope-services.com\/?page_id=242"},"modified":"2023-03-27T12:27:59","modified_gmt":"2023-03-27T11:27:59","slug":"asistencia-tecnica-y-gerencia-de-construccion","status":"publish","type":"page","link":"https:\/\/alope-services.com\/es\/asistencia-tecnica-y-gerencia-de-construccion\/","title":{"rendered":"Asistencia T\u00e9cnica y Gerencia de Construcci\u00f3n"},"content":{"rendered":"<p>[et_pb_section fb_built=\u00bb1&#8243; admin_label=\u00bbsection\u00bb _builder_version=\u00bb4.16&#8243; global_colors_info=\u00bb{}\u00bb][et_pb_row admin_label=\u00bbrow\u00bb _builder_version=\u00bb4.16&#8243; background_size=\u00bbinitial\u00bb background_position=\u00bbtop_left\u00bb background_repeat=\u00bbrepeat\u00bb global_colors_info=\u00bb{}\u00bb][et_pb_column type=\u00bb4_4&#8243; _builder_version=\u00bb4.16&#8243; custom_padding=\u00bb|||\u00bb global_colors_info=\u00bb{}\u00bb custom_padding__hover=\u00bb|||\u00bb][et_pb_post_title meta=\u00bboff\u00bb featured_image=\u00bboff\u00bb _builder_version=\u00bb4.20.0&#8243; _module_preset=\u00bbdefault\u00bb global_colors_info=\u00bb{}\u00bb][\/et_pb_post_title][\/et_pb_column][\/et_pb_row][et_pb_row column_structure=\u00bb1_2,1_2&#8243; admin_label=\u00bbrow\u00bb _builder_version=\u00bb4.16&#8243; background_size=\u00bbinitial\u00bb background_position=\u00bbtop_left\u00bb background_repeat=\u00bbrepeat\u00bb global_colors_info=\u00bb{}\u00bb][et_pb_column type=\u00bb1_2&#8243; _builder_version=\u00bb4.16&#8243; custom_padding=\u00bb|||\u00bb global_colors_info=\u00bb{}\u00bb custom_padding__hover=\u00bb|||\u00bb][et_pb_text admin_label=\u00bbText\u00bb _builder_version=\u00bb4.20.2&#8243; background_size=\u00bbinitial\u00bb background_position=\u00bbtop_left\u00bb background_repeat=\u00bbrepeat\u00bb hover_enabled=\u00bb0&#8243; global_colors_info=\u00bb{}\u00bb sticky_enabled=\u00bb0&#8243;]<\/p>\n<p>\u00bfAcaba de encontrar la propiedad de sus sue\u00f1os en Mallorca y le gustar\u00eda modernizarla de acuerdo con las reglas reconocidas de la tecnolog\u00eda? Durante m\u00e1s de 30 a\u00f1os, <a href=\"https:\/\/i-sl.de\/\" target=\"_blank\" rel=\"noopener\">Ing. dipl. Norbert Lommatzsch<\/a> ha estado apoyando a constructores en pa\u00edses de habla alemana y en Mallorca con su experiencia. Junto con el <a href=\"http:\/\/marcinteriors.com\/\" target=\"_blank\" rel=\"noopener\">dise\u00f1ador de interiores Marc Romagosa<\/a>, de renombre en Mallorca, planificadores profesionales y artesanos de todos los oficios, as\u00ed como arquitectos locales, le ofrecemos un asistente t\u00e9cnico integral y una direcci\u00f3n de obra competente.<\/p>\n<p>&nbsp;<\/p>\n<ul>\n<li>Soporte y asesoramiento competentes de una sola fuente<\/li>\n<li>Planificaci\u00f3n de proyectos seg\u00fan sus deseos y especificaciones<\/li>\n<li>Creaci\u00f3n de un plan el\u00e9ctrico profesional<\/li>\n<li>Creaci\u00f3n de un concepto de calefacci\u00f3n y ventilaci\u00f3n profesional y energ\u00e9ticamente eficiente<\/li>\n<li>Creaci\u00f3n de un plan sanitario y de ba\u00f1o profesional<\/li>\n<li>Creaci\u00f3n de un plan de cocina con nuestro constructor de cocinas<\/li>\n<li>Solicitud de todas las licencias necesarias<\/li>\n<li>Ejecuci\u00f3n del trabajo previsto por nuestros artesanos<\/li>\n<li>Control de propiedad durante la fase de construcci\u00f3n<\/li>\n<\/ul>\n<p>[\/et_pb_text][\/et_pb_column][et_pb_column type=\u00bb1_2&#8243; _builder_version=\u00bb4.16&#8243; custom_padding=\u00bb|||\u00bb global_colors_info=\u00bb{}\u00bb custom_padding__hover=\u00bb|||\u00bb][et_pb_image src=\u00bbhttps:\/\/alope-services.com\/wp-content\/uploads\/2023\/03\/Technical-Assistance-Construction-Management.jpg\u00bb title_text=\u00bbTechnical Assistance &#038; Construction Management\u00bb _builder_version=\u00bb4.20.0&#8243; _module_preset=\u00bbdefault\u00bb box_shadow_style=\u00bbpreset2&#8243; global_colors_info=\u00bb{}\u00bb][\/et_pb_image][\/et_pb_column][\/et_pb_row][et_pb_row column_structure=\u00bb1_2,1_2&#8243; _builder_version=\u00bb4.20.0&#8243; _module_preset=\u00bbdefault\u00bb locked=\u00bboff\u00bb global_colors_info=\u00bb{}\u00bb][et_pb_column type=\u00bb1_2&#8243; _builder_version=\u00bb4.20.0&#8243; _module_preset=\u00bbdefault\u00bb global_colors_info=\u00bb{}\u00bb][et_pb_image src=\u00bbhttps:\/\/alope-services.com\/wp-content\/uploads\/2023\/03\/Technische-Assistenz-und-Baumanagement_2.jpg\u00bb title_text=\u00bbTechnische Assistenz und Baumanagement_2&#8243; _builder_version=\u00bb4.20.0&#8243; _module_preset=\u00bbdefault\u00bb box_shadow_style=\u00bbpreset2&#8243; global_colors_info=\u00bb{}\u00bb][\/et_pb_image][\/et_pb_column][et_pb_column type=\u00bb1_2&#8243; _builder_version=\u00bb4.20.0&#8243; _module_preset=\u00bbdefault\u00bb global_colors_info=\u00bb{}\u00bb][et_pb_image src=\u00bbhttps:\/\/alope-services.com\/wp-content\/uploads\/2023\/03\/Technische-Assistenz-und-Baumanagement_3.jpg\u00bb title_text=\u00bbTechnische Assistenz und Baumanagement_3&#8243; _builder_version=\u00bb4.20.0&#8243; _module_preset=\u00bbdefault\u00bb box_shadow_style=\u00bbpreset2&#8243; global_colors_info=\u00bb{}\u00bb][\/et_pb_image][et_pb_text _builder_version=\u00bb4.20.0&#8243; _module_preset=\u00bbdefault\u00bb text_orientation=\u00bbcenter\u00bb global_colors_info=\u00bb{}\u00bb]<\/p>\n<p>Ing. dipl. Norbert Lommatzsch<\/p>\n<p>[\/et_pb_text][\/et_pb_column][\/et_pb_row][\/et_pb_section]<\/p>\n","protected":false},"excerpt":{"rendered":"<p>\u00bfAcaba de encontrar la propiedad de sus sue\u00f1os en Mallorca y le gustar\u00eda modernizarla de acuerdo con las reglas reconocidas de la tecnolog\u00eda? Durante m\u00e1s de 30 a\u00f1os, Ing. dipl. Norbert Lommatzsch ha estado apoyando a constructores en pa\u00edses de habla alemana y en Mallorca con su experiencia. Junto con el dise\u00f1ador de interiores Marc [&hellip;]<\/p>\n","protected":false},"author":1,"featured_media":0,"parent":0,"menu_order":0,"comment_status":"closed","ping_status":"closed","template":"","meta":{"_et_pb_use_builder":"on","_et_pb_old_content":"","_et_gb_content_width":"","footnotes":""},"class_list":["post-242","page","type-page","status-publish","hentry"],"yoast_head":"<!-- This site is optimized with the Yoast SEO plugin v20.5 - https:\/\/yoast.com\/wordpress\/plugins\/seo\/ -->\n<title>Asistencia T\u00e9cnica y Gerencia de Construcci\u00f3n - Alope Services<\/title>\n<meta name=\"robots\" content=\"index, follow, max-snippet:-1, max-image-preview:large, max-video-preview:-1\" \/>\n<link rel=\"canonical\" href=\"https:\/\/alope-services.com\/es\/asistencia-tecnica-y-gerencia-de-construccion\/\" \/>\n<meta property=\"og:locale\" content=\"es_ES\" \/>\n<meta property=\"og:type\" content=\"article\" \/>\n<meta property=\"og:title\" content=\"Asistencia T\u00e9cnica y Gerencia de Construcci\u00f3n - Alope Services\" \/>\n<meta property=\"og:description\" content=\"\u00bfAcaba de encontrar la propiedad de sus sue\u00f1os en Mallorca y le gustar\u00eda modernizarla de acuerdo con las reglas reconocidas de la tecnolog\u00eda? Durante m\u00e1s de 30 a\u00f1os, Ing. dipl. Norbert Lommatzsch ha estado apoyando a constructores en pa\u00edses de habla alemana y en Mallorca con su experiencia. Junto con el dise\u00f1ador de interiores Marc [&hellip;]\" \/>\n<meta property=\"og:url\" content=\"https:\/\/alope-services.com\/es\/asistencia-tecnica-y-gerencia-de-construccion\/\" \/>\n<meta property=\"og:site_name\" content=\"Alope Services\" \/>\n<meta property=\"article:modified_time\" content=\"2023-03-27T11:27:59+00:00\" \/>\n<meta name=\"twitter:card\" content=\"summary_large_image\" \/>\n<meta name=\"twitter:label1\" content=\"Tiempo de lectura\" \/>\n\t<meta name=\"twitter:data1\" content=\"1 minuto\" \/>\n<script type=\"application\/ld+json\" class=\"yoast-schema-graph\">{\"@context\":\"https:\/\/schema.org\",\"@graph\":[{\"@type\":\"WebPage\",\"@id\":\"https:\/\/alope-services.com\/es\/asistencia-tecnica-y-gerencia-de-construccion\/\",\"url\":\"https:\/\/alope-services.com\/es\/asistencia-tecnica-y-gerencia-de-construccion\/\",\"name\":\"Asistencia T\u00e9cnica y Gerencia de Construcci\u00f3n - Alope Services\",\"isPartOf\":{\"@id\":\"https:\/\/alope-services.com\/es\/#website\"},\"datePublished\":\"2023-03-02T17:00:45+00:00\",\"dateModified\":\"2023-03-27T11:27:59+00:00\",\"breadcrumb\":{\"@id\":\"https:\/\/alope-services.com\/es\/asistencia-tecnica-y-gerencia-de-construccion\/#breadcrumb\"},\"inLanguage\":\"es\",\"potentialAction\":[{\"@type\":\"ReadAction\",\"target\":[\"https:\/\/alope-services.com\/es\/asistencia-tecnica-y-gerencia-de-construccion\/\"]}]},{\"@type\":\"BreadcrumbList\",\"@id\":\"https:\/\/alope-services.com\/es\/asistencia-tecnica-y-gerencia-de-construccion\/#breadcrumb\",\"itemListElement\":[{\"@type\":\"ListItem\",\"position\":1,\"name\":\"Home\",\"item\":\"https:\/\/alope-services.com\/es\/\"},{\"@type\":\"ListItem\",\"position\":2,\"name\":\"Asistencia T\u00e9cnica y Gerencia de Construcci\u00f3n\"}]},{\"@type\":\"WebSite\",\"@id\":\"https:\/\/alope-services.com\/es\/#website\",\"url\":\"https:\/\/alope-services.com\/es\/\",\"name\":\"Alope Services\",\"description\":\"be organised | be successful | be happy\",\"potentialAction\":[{\"@type\":\"SearchAction\",\"target\":{\"@type\":\"EntryPoint\",\"urlTemplate\":\"https:\/\/alope-services.com\/es\/?s={search_term_string}\"},\"query-input\":\"required name=search_term_string\"}],\"inLanguage\":\"es\"}]}<\/script>\n<!-- \/ Yoast SEO plugin. -->","yoast_head_json":{"title":"Asistencia T\u00e9cnica y Gerencia de Construcci\u00f3n - Alope Services","robots":{"index":"index","follow":"follow","max-snippet":"max-snippet:-1","max-image-preview":"max-image-preview:large","max-video-preview":"max-video-preview:-1"},"canonical":"https:\/\/alope-services.com\/es\/asistencia-tecnica-y-gerencia-de-construccion\/","og_locale":"es_ES","og_type":"article","og_title":"Asistencia T\u00e9cnica y Gerencia de Construcci\u00f3n - Alope Services","og_description":"\u00bfAcaba de encontrar la propiedad de sus sue\u00f1os en Mallorca y le gustar\u00eda modernizarla de acuerdo con las reglas reconocidas de la tecnolog\u00eda? Durante m\u00e1s de 30 a\u00f1os, Ing. dipl. Norbert Lommatzsch ha estado apoyando a constructores en pa\u00edses de habla alemana y en Mallorca con su experiencia. Junto con el dise\u00f1ador de interiores Marc [&hellip;]","og_url":"https:\/\/alope-services.com\/es\/asistencia-tecnica-y-gerencia-de-construccion\/","og_site_name":"Alope Services","article_modified_time":"2023-03-27T11:27:59+00:00","twitter_card":"summary_large_image","twitter_misc":{"Tiempo de lectura":"1 minuto"},"schema":{"@context":"https:\/\/schema.org","@graph":[{"@type":"WebPage","@id":"https:\/\/alope-services.com\/es\/asistencia-tecnica-y-gerencia-de-construccion\/","url":"https:\/\/alope-services.com\/es\/asistencia-tecnica-y-gerencia-de-construccion\/","name":"Asistencia T\u00e9cnica y Gerencia de Construcci\u00f3n - Alope Services","isPartOf":{"@id":"https:\/\/alope-services.com\/es\/#website"},"datePublished":"2023-03-02T17:00:45+00:00","dateModified":"2023-03-27T11:27:59+00:00","breadcrumb":{"@id":"https:\/\/alope-services.com\/es\/asistencia-tecnica-y-gerencia-de-construccion\/#breadcrumb"},"inLanguage":"es","potentialAction":[{"@type":"ReadAction","target":["https:\/\/alope-services.com\/es\/asistencia-tecnica-y-gerencia-de-construccion\/"]}]},{"@type":"BreadcrumbList","@id":"https:\/\/alope-services.com\/es\/asistencia-tecnica-y-gerencia-de-construccion\/#breadcrumb","itemListElement":[{"@type":"ListItem","position":1,"name":"Home","item":"https:\/\/alope-services.com\/es\/"},{"@type":"ListItem","position":2,"name":"Asistencia T\u00e9cnica y Gerencia de Construcci\u00f3n"}]},{"@type":"WebSite","@id":"https:\/\/alope-services.com\/es\/#website","url":"https:\/\/alope-services.com\/es\/","name":"Alope Services","description":"be organised | be successful | be happy","potentialAction":[{"@type":"SearchAction","target":{"@type":"EntryPoint","urlTemplate":"https:\/\/alope-services.com\/es\/?s={search_term_string}"},"query-input":"required name=search_term_string"}],"inLanguage":"es"}]}},"_links":{"self":[{"href":"https:\/\/alope-services.com\/es\/wp-json\/wp\/v2\/pages\/242","targetHints":{"allow":["GET"]}}],"collection":[{"href":"https:\/\/alope-services.com\/es\/wp-json\/wp\/v2\/pages"}],"about":[{"href":"https:\/\/alope-services.com\/es\/wp-json\/wp\/v2\/types\/page"}],"author":[{"embeddable":true,"href":"https:\/\/alope-services.com\/es\/wp-json\/wp\/v2\/users\/1"}],"replies":[{"embeddable":true,"href":"https:\/\/alope-services.com\/es\/wp-json\/wp\/v2\/comments?post=242"}],"version-history":[{"count":6,"href":"https:\/\/alope-services.com\/es\/wp-json\/wp\/v2\/pages\/242\/revisions"}],"predecessor-version":[{"id":462,"href":"https:\/\/alope-services.com\/es\/wp-json\/wp\/v2\/pages\/242\/revisions\/462"}],"wp:attachment":[{"href":"https:\/\/alope-services.com\/es\/wp-json\/wp\/v2\/media?parent=242"}],"curies":[{"name":"wp","href":"https:\/\/api.w.org\/{rel}","templated":true}]}}